{"id":46,"date":"2016-03-13T13:44:01","date_gmt":"2016-03-13T12:44:01","guid":{"rendered":"http:\/\/www.dragoner7.at\/wp\/?page_id=46"},"modified":"2024-05-23T16:54:56","modified_gmt":"2024-05-23T14:54:56","slug":"kommando","status":"publish","type":"page","link":"https:\/\/www.dragoner7.at\/wp\/kommando\/","title":{"rendered":"Kommando"},"content":{"rendered":"<p>Das Traditions-Dragonerregiment No.7, deren Kommando ihren Sitz in Linz hat, ist wie folgt gegliedert:<\/p>\n<ul>\n<li><strong>Zentralkommando:<\/strong> Mjr iTR Alexander Sascha Eckhardt MBA<\/li>\n<li><strong>2. Eskadron Erg\u00e4nzungsbezirk Ost\u00f6sterreich:<\/strong> Oberleutnant itR Alexander Bl\u00fcmel <span id=\"cloak75674\">Diese E-Mail-Adresse ist vor Spambots gesch\u00fctzt! Zur Anzeige muss JavaScript eingeschaltet sein!<\/span><script type=\"text\/javascript\">\/\/ <![CDATA[\ndocument.getElementById('cloak75674').innerHTML = '';\n var prefix = '&#109;a' + 'i&#108;' + '&#116;o';\n var path = 'hr' + 'ef' + '=';\n var addy75674 = '&#97;.bl&#117;&#101;m&#101;l' + '&#64;';\n addy75674 = addy75674 + 'gmx' + '&#46;' + '&#97;t';\n document.getElementById('cloak75674').innerHTML += '<a ' + path + '\\'' + prefix + ':' + addy75674 + '\\'>' + addy75674+'<\\\/a>';\n\/\/ ]]><\/script><\/li>\n<li><strong>3. Eskadron Erg\u00e4nzungsbezirk B\u00f6hmen:<\/strong> Rittmeister iTR Milan Siler <a href=\"&#x6d;&#97;i&#x6c;&#x74;&#111;:&#x6d;&#105;l&#x61;&#x6e;&#46;s&#x69;&#108;e&#x72;&#x40;&#115;e&#x7a;&#x6e;&#97;&#x6d;&#x2e;&#99;z\">&#x6d;&#x69;&#108;an&#x2e;&#x73;&#105;&#108;e&#x72;&#x40;&#115;&#101;z&#x6e;&#x61;&#x6d;&#46;cz<\/a><\/li>\n<\/ul>\n<p>Neben den Ausr\u00fcckungen im In- und Ausland finden regelm\u00e4\u00dfige Treffen (Stammtische) der Mitglieder statt.<\/p>\n<p>Bei Interesse bitten wir Sie um vorherige Kontaktaufnahme per Mail beim jeweiligen Ansprechpartner.<\/p>\n<h2>Kommandant<\/h2>\n\n\n<figure class=\"wp-block-table is-style-stripes\"><table class=\"table table-hover\"><tbody><tr><td width=\"200\"><img loading=\"lazy\" decoding=\"async\" width=\"121\" height=\"109\" src=\"https:\/\/www.dragoner7.at\/wp\/wp-content\/uploads\/2024\/05\/alexander_eckhardt-1024x921.jpg\" alt=\"\"><\/td><td>Mjr iTR Alexander Sascha Eckhardt MBA<br>Mobil: 0676 81469341<br><a href=\"&#x6d;&#97;i&#x6c;&#x74;&#111;:&#x61;&#x6c;&#101;x&#x61;&#110;d&#x65;&#x72;&#95;e&#x63;&#x6b;&#104;a&#x72;&#100;&#116;&#x40;&#x67;&#109;x&#x2e;&#x61;&#116;\">&#97;l&#x65;x&#x61;n&#x64;e&#x72;_&#x65;c&#x6b;&#104;&#x61;&#114;&#x64;&#116;&#x40;&#103;&#x6d;&#120;&#x2e;&#97;&#x74;<\/a><\/td><\/tr><\/tbody><\/table><\/figure>\n\n\n\n<hr class=\"wp-block-separator has-alpha-channel-opacity\"\/>\n\n\n\n<h2 class=\"wp-block-heading\">Obmann<\/h2>\n\n\n\n<figure class=\"wp-block-table is-style-stripes\"><table class=\"table table-hover\"><tbody><tr><td><img decoding=\"async\" src=\"\/images\/stories\/bilder\/Oberst.jpg\" alt=\"Oberst\" style=\"width: 120px;\"><\/td><td>Oberst Kons. Johann M. Eckhardt<br><em>Tel.\/Fax:<\/em> 0732 \/ 34 88 36<br><em>Mobil:<\/em> 0650 \/ 86 02 055<br><em>Email:<\/em> <a href=\"m&#97;&#105;&#108;&#x74;&#x6f;&#x3a;of&#102;&#105;&#x63;&#x65;&#x40;&#x6d;us&#116;&#101;&#x72;&#x66;&#x69;&#x72;m&#97;&#46;&#99;&#x6f;&#x6d;\">&#107;&#x6f;n&#115;&#x2e;j&#101;&#x63;k&#104;&#x61;r&#100;&#x74;&#64;&#x6c;&#x69;&#119;&#x65;&#x73;&#116;&#x2e;a&#116;<\/a><\/td><\/tr><\/tbody><\/table><\/figure>\n\n\n\n<hr class=\"wp-block-separator has-alpha-channel-opacity\"\/>\n\n\n\n<h2 class=\"wp-block-heading\">Kanzleioffizier<\/h2>\n\n\n\n<figure class=\"wp-block-table is-style-stripes\"><table class=\"table table-hover\"><tbody><tr><td><img decoding=\"async\" src=\"\/images\/stories\/bilder\/PassfotoTeuschl.jpg\" alt=\"PassfotoAuer\" style=\"width: 120px;\"><\/td><td>Olt Mag. Johannes M. Teuschl<br><em>Tel.:<\/em> 0660\/2191722<br><a href=\"&#109;&#x61;i&#108;&#x74;o&#58;&#x6a;o&#x68;&#x61;&#110;&#x6e;e&#115;&#x2e;t&#101;&#x75;s&#x63;&#x68;&#108;&#x40;&#x6c;&#105;&#x77;e&#115;&#x74;&#46;&#97;&#x74;\">&#x6a;&#111;h&#x61;&#110;n&#x65;&#115;&#46;&#x74;&#101;u&#x73;&#99;h&#x6c;&#64;l&#x69;&#119;e&#x73;&#116;&#46;&#x61;&#116;<\/a><br><\/td><\/tr><\/tbody><\/table><\/figure>\n\n\n\n<hr class=\"wp-block-separator has-alpha-channel-opacity\"\/>\n\n\n\n<h2 class=\"wp-block-heading\">Ehrenoberst<\/h2>\n\n\n\n<figure class=\"wp-block-table is-style-stripes\"><table class=\"table table-hover\"><tbody><tr><td><img decoding=\"async\" src=\"\/images\/stories\/bilder\/EO-1.jpg\" alt=\"EO-1\" style=\"width: 120px;\"><\/td><td><strong>Johann S. Habsburg &#8211; Lothringen<\/strong><\/td><\/tr><\/tbody><\/table><\/figure>\n","protected":false},"excerpt":{"rendered":"<p>Das Traditions-Dragonerregiment No.7, deren Kommando ihren Sitz in Linz hat, ist wie folgt gegliedert: Zentralkommando: Mjr iTR Alexander Sascha Eckhardt MBA 2. Eskadron Erg\u00e4nzungsbezirk Ost\u00f6sterreich: Oberleutnant itR Alexander Bl\u00fcmel Diese E-Mail-Adresse ist vor Spambots gesch\u00fctzt! Zur Anzeige muss JavaScript eingeschaltet sein! 3. Eskadron Erg\u00e4nzungsbezirk B\u00f6hmen: Rittmeister iTR Milan Siler &#109;&#x69;l&#x61;n&#46;&#x73;&#105;&#x6c;e&#114;&#x40;&#115;&#x65;z&#x6e;&#x61;&#109;&#x2e;c&#x7a; Neben den Ausr\u00fcckungen im In- [&hellip;]<\/p>\n","protected":false},"author":1,"featured_media":0,"parent":0,"menu_order":0,"comment_status":"closed","ping_status":"closed","template":"page-fullwidth.php","meta":{"footnotes":""},"class_list":["post-46","page","type-page","status-publish","hentry"],"_links":{"self":[{"href":"https:\/\/www.dragoner7.at\/wp\/wp-json\/wp\/v2\/pages\/46","targetHints":{"allow":["GET"]}}],"collection":[{"href":"https:\/\/www.dragoner7.at\/wp\/wp-json\/wp\/v2\/pages"}],"about":[{"href":"https:\/\/www.dragoner7.at\/wp\/wp-json\/wp\/v2\/types\/page"}],"author":[{"embeddable":true,"href":"https:\/\/www.dragoner7.at\/wp\/wp-json\/wp\/v2\/users\/1"}],"replies":[{"embeddable":true,"href":"https:\/\/www.dragoner7.at\/wp\/wp-json\/wp\/v2\/comments?post=46"}],"version-history":[{"count":23,"href":"https:\/\/www.dragoner7.at\/wp\/wp-json\/wp\/v2\/pages\/46\/revisions"}],"predecessor-version":[{"id":3357,"href":"https:\/\/www.dragoner7.at\/wp\/wp-json\/wp\/v2\/pages\/46\/revisions\/3357"}],"wp:attachment":[{"href":"https:\/\/www.dragoner7.at\/wp\/wp-json\/wp\/v2\/media?parent=46"}],"curies":[{"name":"wp","href":"https:\/\/api.w.org\/{rel}","templated":true}]}}